{"id":6,"date":"2021-02-07T13:11:09","date_gmt":"2021-02-07T12:11:09","guid":{"rendered":"http:\/\/wp.sandsdalen.net\/html\/multifritid\/?page_id=6"},"modified":"2021-02-28T13:06:25","modified_gmt":"2021-02-28T12:06:25","slug":"om-oss","status":"publish","type":"page","link":"https:\/\/www.multifritid.no\/index.php\/om-oss\/","title":{"rendered":"Om oss"},"content":{"rendered":"\n<p>Multi Fritid ble stiftet 2006, og vi har i alle \u00e5r solgt fritidsprodukter av forskjellig slag.<\/p>\n\n\n\n<p>Vi holder til i Troms\u00f8.<\/p>\n\n\n\n<p>Hovedproduktet v\u00e5rt n\u00e5 er Solarventi luftsolfangerer. <\/p>\n","protected":false},"excerpt":{"rendered":"<p>Multi Fritid ble stiftet 2006, og vi har i alle \u00e5r solgt fritidsprodukter av forskjellig slag. Vi holder til i Troms\u00f8. Hovedproduktet v\u00e5rt n\u00e5 er Solarventi luftsolfangerer.<\/p>\n","protected":false},"author":1,"featured_media":0,"parent":0,"menu_order":0,"comment_status":"closed","ping_status":"closed","template":"","meta":{"footnotes":""},"categories":[],"tags":[],"class_list":["post-6","page","type-page","status-publish","hentry","entry"],"_links":{"self":[{"href":"https:\/\/www.multifritid.no\/index.php\/wp-json\/wp\/v2\/pages\/6","targetHints":{"allow":["GET"]}}],"collection":[{"href":"https:\/\/www.multifritid.no\/index.php\/wp-json\/wp\/v2\/pages"}],"about":[{"href":"https:\/\/www.multifritid.no\/index.php\/wp-json\/wp\/v2\/types\/page"}],"author":[{"embeddable":true,"href":"https:\/\/www.multifritid.no\/index.php\/wp-json\/wp\/v2\/users\/1"}],"replies":[{"embeddable":true,"href":"https:\/\/www.multifritid.no\/index.php\/wp-json\/wp\/v2\/comments?post=6"}],"version-history":[{"count":4,"href":"https:\/\/www.multifritid.no\/index.php\/wp-json\/wp\/v2\/pages\/6\/revisions"}],"predecessor-version":[{"id":111,"href":"https:\/\/www.multifritid.no\/index.php\/wp-json\/wp\/v2\/pages\/6\/revisions\/111"}],"wp:attachment":[{"href":"https:\/\/www.multifritid.no\/index.php\/wp-json\/wp\/v2\/media?parent=6"}],"wp:term":[{"taxonomy":"category","embeddable":true,"href":"https:\/\/www.multifritid.no\/index.php\/wp-json\/wp\/v2\/categories?post=6"},{"taxonomy":"post_tag","embeddable":true,"href":"https:\/\/www.multifritid.no\/index.php\/wp-json\/wp\/v2\/tags?post=6"}],"curies":[{"name":"wp","href":"https:\/\/api.w.org\/{rel}","templated":true}]}}