{"id":59,"date":"2021-02-07T17:08:33","date_gmt":"2021-02-07T16:08:33","guid":{"rendered":"http:\/\/int-multifritid.sandsdalen.net\/?page_id=59"},"modified":"2026-03-20T13:22:44","modified_gmt":"2026-03-20T12:22:44","slug":"kobuk-hundefor","status":"publish","type":"page","link":"https:\/\/www.multifritid.no\/index.php\/kobuk-hundefor\/","title":{"rendered":"Hundef\u00f4r"},"content":{"rendered":"\n<div class=\"wp-block-cover\"><img loading=\"lazy\" decoding=\"async\" width=\"2560\" height=\"1440\" class=\"wp-block-cover__image-background wp-image-124\" alt=\"\" src=\"https:\/\/www.multifritid.no\/wp-content\/uploads\/2021\/02\/DSC_0012-scaled.jpg\" data-object-fit=\"cover\" srcset=\"https:\/\/www.multifritid.no\/wp-content\/uploads\/2021\/02\/DSC_0012-scaled.jpg 2560w, https:\/\/www.multifritid.no\/wp-content\/uploads\/2021\/02\/DSC_0012-300x169.jpg 300w, https:\/\/www.multifritid.no\/wp-content\/uploads\/2021\/02\/DSC_0012-1024x576.jpg 1024w, https:\/\/www.multifritid.no\/wp-content\/uploads\/2021\/02\/DSC_0012-768x432.jpg 768w, https:\/\/www.multifritid.no\/wp-content\/uploads\/2021\/02\/DSC_0012-1536x864.jpg 1536w, https:\/\/www.multifritid.no\/wp-content\/uploads\/2021\/02\/DSC_0012-2048x1152.jpg 2048w, https:\/\/www.multifritid.no\/wp-content\/uploads\/2021\/02\/DSC_0012-1568x882.jpg 1568w\" sizes=\"auto, (max-width: 2560px) 100vw, 2560px\" \/><span aria-hidden=\"true\" class=\"wp-block-cover__background has-background-dim-20 has-background-dim\"><\/span><div class=\"wp-block-cover__inner-container is-layout-flow wp-block-cover-is-layout-flow\">\n<p class=\"has-text-align-center has-large-font-size\">Multi Fritid AS leverer hundef\u00f4r p\u00e5 d\u00f8ra i Troms\u00f8<\/p>\n<\/div><\/div>\n\n\n\n<h2 class=\"wp-block-heading\">Sportsman&#8217;s Pride<\/h2>\n\n\n\n<figure class=\"wp-block-image size-full\"><img loading=\"lazy\" decoding=\"async\" width=\"354\" height=\"100\" src=\"https:\/\/www.multifritid.no\/wp-content\/uploads\/2026\/01\/sportsmans_header.png\" alt=\"\" class=\"wp-image-295\" srcset=\"https:\/\/www.multifritid.no\/wp-content\/uploads\/2026\/01\/sportsmans_header.png 354w, https:\/\/www.multifritid.no\/wp-content\/uploads\/2026\/01\/sportsmans_header-300x85.png 300w\" sizes=\"auto, (max-width: 354px) 100vw, 354px\" \/><\/figure>\n\n\n\n<p>Multi Fritid er forhandler av Sportman&#8217;s Pride hundef\u00f4r. Dette er et amerikansk hundef\u00f4r som produseres p\u00e5 lisens i Tyskland. <\/p>\n\n\n\n<p>Medlemmer av Norges Jeger- og Fiskerforbund f\u00e5r f\u00f4ret til rabatterte priser.<\/p>\n\n\n\n<p>Dette er lagerf\u00f8rte varianter (priser i parentes er til NJFF-medlemmer):<\/p>\n\n\n\n<ul class=\"wp-block-list\">\n<li><a href=\"https:\/\/www.porthos.no\/hundefor\/professional-formula\/\" target=\"_blank\" rel=\"noreferrer noopener\">Professional Formula<\/a> &#8211; 766,- (605,-)<br>Spesielt utviklet for\u00a0hardt arbeidende hunder\u00a0og hunder under krevende forhold.<\/li>\n\n\n\n<li><a href=\"https:\/\/www.porthos.no\/hundefor\/maintenance-adult\/\" target=\"_blank\" rel=\"noreferrer noopener\">Maintenance Adult<\/a> &#8211; 695,- (575,-)<br>For voksne hunder med lett til moderat aktivitetsniv\u00e5<\/li>\n\n\n\n<li><a href=\"https:\/\/www.porthos.no\/hundefor\/senior-light\/\" target=\"_blank\" rel=\"noreferrer noopener\">Senior &amp; Light<\/a> &#8211; 695,- (575,-)<br>For eldre hunder og voksne hunder med redusert energibehov eller tendens til overvekt<\/li>\n\n\n\n<li><a href=\"https:\/\/www.porthos.no\/hundefor\/lamb-meal-rice\/\" target=\"_blank\" rel=\"noreferrer noopener\">Lamb &amp; Rice<\/a> &#8211; 797,- (667,-)<br>Inneholder lam og ris som hovedingredienser og er utviklet for hunder med f\u00f8lsom mage og hunder som viser tegn p\u00e5 allergi.<\/li>\n<\/ul>\n\n\n\n<h2 class=\"wp-block-heading\">Kobuk<\/h2>\n\n\n\n<p>Kobuk produseres ikke lenger, men vi har enn\u00e5 en del Formula 1 p\u00e5 lager.<\/p>\n\n\n\n<p>Kobuk ble etablert&nbsp;i 1983 i Alaska, USA. En gruppe elite-hundekj\u00f8rere hadde tre \u00e5r tidligere uttrykt behov for et bedre f\u00f4r. De mente hundenes prestasjonsevne kunne \u00f8kes ytterligere &#8211; men fant ikke noe t\u00f8rrf\u00f4r i markedet som ga \u00f8nsket resultat. Et forskningsprosjekt ble derfor startet, og resultatet ble Kobuk Formula One &#8211; trolig verdens beste hundef\u00f4r for ekstremt aktive hunder.<\/p>\n\n\n\n<p><strong>Kobuk Formula 1<\/strong><\/p>\n\n\n\n<p>Kobuk Formula One er en n\u00e6ringsbombe formulert for aktive hunder, slik som trekkhunder, jakthunder og andre aktive brukshunder. Helst siden introduksjonen i 1983 har dette produktet satt standarden for andre t\u00f8rrf\u00f4r.<\/p>\n\n\n\n<figure class=\"wp-block-table is-style-stripes\"><table><tbody><tr><td>% protein\/fett<\/td><td class=\"has-text-align-center\" data-align=\"center\">30\/20<\/td><\/tr><tr><td>Sekkst\u00f8rrelse<\/td><td class=\"has-text-align-center\" data-align=\"center\">15kg<\/td><\/tr><tr><td>Pris<\/td><td class=\"has-text-align-center\" data-align=\"center\">996,- (*)<\/td><\/tr><\/tbody><\/table><\/figure>\n\n\n\n<p><a href=\"\/index.php\/kobuk-formula-one\/\" data-type=\"page\">Les mer&#8230;<\/a><\/p>\n\n\n\n<h3 class=\"wp-block-heading\">Bestilling<\/h3>\n\n\n\n<p>Ring <strong>97762632<\/strong> eller send epost til <a href=\"mailto:post@multifritid.no?subject=Bestilling\">post@multifritid.no<\/a><\/p>\n\n\n\n<p style=\"font-size:15px\">* Legg til 50,- for levering p\u00e5 d\u00f8ra i Troms\u00f8 (per leveranse). 20% rabatt ved kj\u00f8p av flere enn 1 sekk.<\/p>\n","protected":false},"excerpt":{"rendered":"<p>Sportsman&#8217;s Pride Multi Fritid er forhandler av Sportman&#8217;s Pride hundef\u00f4r. Dette er et amerikansk hundef\u00f4r som produseres p\u00e5 lisens i Tyskland. Medlemmer av Norges Jeger- og Fiskerforbund f\u00e5r f\u00f4ret til rabatterte priser. Dette er lagerf\u00f8rte varianter (priser i parentes er til NJFF-medlemmer): Kobuk Kobuk produseres ikke lenger, men vi har enn\u00e5 en del Formula 1&hellip; <a class=\"more-link\" href=\"https:\/\/www.multifritid.no\/index.php\/kobuk-hundefor\/\">Fortsett \u00e5 lese <span class=\"screen-reader-text\">Hundef\u00f4r<\/span><\/a><\/p>\n","protected":false},"author":1,"featured_media":0,"parent":0,"menu_order":0,"comment_status":"closed","ping_status":"closed","template":"","meta":{"footnotes":""},"categories":[9],"tags":[10],"class_list":["post-59","page","type-page","status-publish","hentry","category-hundefor","tag-sportsmans-pride","entry"],"_links":{"self":[{"href":"https:\/\/www.multifritid.no\/index.php\/wp-json\/wp\/v2\/pages\/59","targetHints":{"allow":["GET"]}}],"collection":[{"href":"https:\/\/www.multifritid.no\/index.php\/wp-json\/wp\/v2\/pages"}],"about":[{"href":"https:\/\/www.multifritid.no\/index.php\/wp-json\/wp\/v2\/types\/page"}],"author":[{"embeddable":true,"href":"https:\/\/www.multifritid.no\/index.php\/wp-json\/wp\/v2\/users\/1"}],"replies":[{"embeddable":true,"href":"https:\/\/www.multifritid.no\/index.php\/wp-json\/wp\/v2\/comments?post=59"}],"version-history":[{"count":36,"href":"https:\/\/www.multifritid.no\/index.php\/wp-json\/wp\/v2\/pages\/59\/revisions"}],"predecessor-version":[{"id":305,"href":"https:\/\/www.multifritid.no\/index.php\/wp-json\/wp\/v2\/pages\/59\/revisions\/305"}],"wp:attachment":[{"href":"https:\/\/www.multifritid.no\/index.php\/wp-json\/wp\/v2\/media?parent=59"}],"wp:term":[{"taxonomy":"category","embeddable":true,"href":"https:\/\/www.multifritid.no\/index.php\/wp-json\/wp\/v2\/categories?post=59"},{"taxonomy":"post_tag","embeddable":true,"href":"https:\/\/www.multifritid.no\/index.php\/wp-json\/wp\/v2\/tags?post=59"}],"curies":[{"name":"wp","href":"https:\/\/api.w.org\/{rel}","templated":true}]}}