{"id":28,"date":"2021-02-07T14:55:55","date_gmt":"2021-02-07T13:55:55","guid":{"rendered":"http:\/\/wp.sandsdalen.net\/html\/multifritid\/?page_id=28"},"modified":"2024-12-04T11:45:31","modified_gmt":"2024-12-04T10:45:31","slug":"solarventi-luftsolfangere","status":"publish","type":"page","link":"https:\/\/www.multifritid.no\/","title":{"rendered":"SolarVenti"},"content":{"rendered":"\n<p>SolarVenti Luftsolfangere vil forbedre inneklima, gi ekstra varme og ventilere huset eller hytta.&nbsp;<\/p>\n\n\n\n<figure class=\"wp-block-image size-large\"><img loading=\"lazy\" decoding=\"async\" width=\"709\" height=\"532\" src=\"http:\/\/wp.sandsdalen.net\/html\/multifritid\/wp-content\/uploads\/2021\/02\/bil44.jpg\" alt=\"\" class=\"wp-image-31\" srcset=\"https:\/\/www.multifritid.no\/wp-content\/uploads\/2021\/02\/bil44.jpg 709w, https:\/\/www.multifritid.no\/wp-content\/uploads\/2021\/02\/bil44-300x225.jpg 300w\" sizes=\"auto, (max-width: 709px) 100vw, 709px\" \/><\/figure>\n\n\n\n<p>En m\u00e5te \u00e5 unng\u00e5 \u00e5 komme til fuktig luft i hytta og utfordringer med fuktige dyner og lang fyringstid f\u00f8r hytta er varm, er \u00e5 installere en slik luftsolfanger. Solarventi, tilpasset st\u00f8rrelsen p\u00e5 hytta, vil bety at du kommer til ventilert og t\u00f8rr hytte. Du slipper \u00e5 legge deg i fuktige dyner og klamme omgivelser. <\/p>\n\n\n\n<div class=\"wp-block-columns is-layout-flex wp-container-core-columns-is-layout-9d6595d7 wp-block-columns-is-layout-flex\">\n<div class=\"wp-block-column is-layout-flow wp-block-column-is-layout-flow\">\n<figure class=\"wp-block-image size-large\"><img loading=\"lazy\" decoding=\"async\" width=\"325\" height=\"167\" src=\"http:\/\/int-multifritid.sandsdalen.net\/wp-content\/uploads\/2021\/02\/hvordan.jpg\" alt=\"Hvordan virker Solarventi\" class=\"wp-image-67\" srcset=\"https:\/\/www.multifritid.no\/wp-content\/uploads\/2021\/02\/hvordan.jpg 325w, https:\/\/www.multifritid.no\/wp-content\/uploads\/2021\/02\/hvordan-300x154.jpg 300w\" sizes=\"auto, (max-width: 325px) 100vw, 325px\" \/><figcaption class=\"wp-element-caption\"><br><a href=\"https:\/\/www.solarventi.no\/hvordan-solfangeren-fungerer\/\" target=\"_blank\" rel=\"noreferrer noopener\">Hvordan&#8230;<\/a><\/figcaption><\/figure>\n<\/div>\n\n\n\n<div class=\"wp-block-column is-layout-flow wp-block-column-is-layout-flow\">\n<div class=\"wp-block-columns is-layout-flex wp-container-core-columns-is-layout-9d6595d7 wp-block-columns-is-layout-flex\">\n<div class=\"wp-block-column is-layout-flow wp-block-column-is-layout-flow\" style=\"flex-basis:100%\">\n<center>\n<iframe loading=\"lazy\" src=\"https:\/\/www.youtube.com\/embed\/VotcRcqA6tI\" allowfullscreen=\"\" width=\"200\" height=\"100\" frameborder=\"0\"><\/iframe>\n<\/center>\n\n\n\n<p class=\"has-text-align-center\"><a href=\"https:\/\/www.solarventi.no\/hvordan-solfangeren-fungerer\/test-av-solfangere\/\">Best i test<\/a><\/p>\n<\/div>\n<\/div>\n<\/div>\n\n\n\n<div class=\"wp-block-column is-layout-flow wp-block-column-is-layout-flow\">\n<figure class=\"wp-block-image size-large\"><img loading=\"lazy\" decoding=\"async\" width=\"1000\" height=\"562\" src=\"http:\/\/int-multifritid.sandsdalen.net\/wp-content\/uploads\/2021\/02\/solarventi-ppa-sjoveganhytte.jpeg\" alt=\"\" class=\"wp-image-85\" srcset=\"https:\/\/www.multifritid.no\/wp-content\/uploads\/2021\/02\/solarventi-ppa-sjoveganhytte.jpeg 1000w, https:\/\/www.multifritid.no\/wp-content\/uploads\/2021\/02\/solarventi-ppa-sjoveganhytte-300x169.jpeg 300w, https:\/\/www.multifritid.no\/wp-content\/uploads\/2021\/02\/solarventi-ppa-sjoveganhytte-768x432.jpeg 768w\" sizes=\"auto, (max-width: 1000px) 100vw, 1000px\" \/><figcaption class=\"wp-element-caption\"><a href=\"\/index.php\/solfanger-referanser-solarventi-sv-14-fra-kjeller-til-tommerhytte-pa-4dager\/\" data-type=\"URL\">Fra kjeller til t\u00f8mmerhytte p\u00e5 4 dager<\/a><\/figcaption><\/figure>\n<\/div>\n<\/div>\n\n\n\n<div class=\"wp-block-columns is-layout-flex wp-container-core-columns-is-layout-9d6595d7 wp-block-columns-is-layout-flex\">\n<div class=\"wp-block-column is-layout-flow wp-block-column-is-layout-flow\">\n<figure class=\"wp-block-image size-large is-style-default\"><img loading=\"lazy\" decoding=\"async\" width=\"700\" height=\"525\" src=\"http:\/\/int-multifritid.sandsdalen.net\/wp-content\/uploads\/2021\/02\/027_rostaajaure.jpg\" alt=\"\" class=\"wp-image-169\" srcset=\"https:\/\/www.multifritid.no\/wp-content\/uploads\/2021\/02\/027_rostaajaure.jpg 700w, https:\/\/www.multifritid.no\/wp-content\/uploads\/2021\/02\/027_rostaajaure-300x225.jpg 300w\" sizes=\"auto, (max-width: 700px) 100vw, 700px\" \/><\/figure>\n\n\n\n<p class=\"has-text-align-center\"><a href=\"\/index.php\/solarventi-luftsolfangere\/fritids-og-bolighus\/\" data-type=\"page\">Fritids- og bolighus<\/a><\/p>\n<\/div>\n\n\n\n<div class=\"wp-block-column is-layout-flow wp-block-column-is-layout-flow\">\n<figure class=\"wp-block-image size-large is-style-default\"><img loading=\"lazy\" decoding=\"async\" width=\"850\" height=\"479\" src=\"http:\/\/int-multifritid.sandsdalen.net\/wp-content\/uploads\/2021\/02\/basement_850.jpg\" alt=\"\" class=\"wp-image-167\" srcset=\"https:\/\/www.multifritid.no\/wp-content\/uploads\/2021\/02\/basement_850.jpg 850w, https:\/\/www.multifritid.no\/wp-content\/uploads\/2021\/02\/basement_850-300x169.jpg 300w, https:\/\/www.multifritid.no\/wp-content\/uploads\/2021\/02\/basement_850-768x433.jpg 768w\" sizes=\"auto, (max-width: 850px) 100vw, 850px\" \/><\/figure>\n\n\n\n<p class=\"has-text-align-center\"><a href=\"\/index.php\/solarventi-luftsolfangere\/kjeller\/\" data-type=\"page\">Kjeller<\/a><\/p>\n<\/div>\n\n\n\n<div class=\"wp-block-column is-layout-flow wp-block-column-is-layout-flow\">\n<figure class=\"wp-block-image size-large is-style-default\"><img loading=\"lazy\" decoding=\"async\" width=\"847\" height=\"347\" src=\"http:\/\/int-multifritid.sandsdalen.net\/wp-content\/uploads\/2021\/02\/air_cooling_no.png\" alt=\"\" class=\"wp-image-172\" srcset=\"https:\/\/www.multifritid.no\/wp-content\/uploads\/2021\/02\/air_cooling_no.png 847w, https:\/\/www.multifritid.no\/wp-content\/uploads\/2021\/02\/air_cooling_no-300x123.png 300w, https:\/\/www.multifritid.no\/wp-content\/uploads\/2021\/02\/air_cooling_no-768x315.png 768w\" sizes=\"auto, (max-width: 847px) 100vw, 847px\" \/><\/figure>\n\n\n\n<p class=\"has-text-align-center\"><a href=\"\/index.php\/solarventi-luftsolfangere\/kjoling\/\" data-type=\"page\">Kj\u00f8ling<\/a><\/p>\n<\/div>\n<\/div>\n\n\n\n<p>Multi Fritid AS holder til i Troms\u00f8, og betjener hele Nord-Norge.<\/p>\n\n\n\n<ul class=\"wp-block-list\">\n<li><a href=\"https:\/\/www.multifritid.no\/index.php\/priser-solarventi\/\" data-type=\"page\" data-id=\"258\">Priser<\/a><\/li>\n\n\n\n<li><a rel=\"noreferrer noopener\" href=\"\/wp-content\/uploads\/2021\/04\/SV-Standard_Wall-2021.pdf\" target=\"_blank\">Manual for veggmontering<\/a><\/li>\n\n\n\n<li><a href=\"https:\/\/www.multifritid.no\/index.php\/category\/tilbakemelding\/\" data-type=\"category\" data-id=\"5\">Tilbakemeldinger<\/a><\/li>\n\n\n\n<li><a href=\"https:\/\/solarventi.dk\/no\" target=\"_blank\" rel=\"noreferrer noopener\">Produsentens hjemmeside<\/a> (<a href=\"https:\/\/solarventi.no\">norsk<\/a>)<\/li>\n<\/ul>\n\n\n\n<p><\/p>\n","protected":false},"excerpt":{"rendered":"<p>SolarVenti Luftsolfangere vil forbedre inneklima, gi ekstra varme og ventilere huset eller hytta.&nbsp; En m\u00e5te \u00e5 unng\u00e5 \u00e5 komme til fuktig luft i hytta og utfordringer med fuktige dyner og lang fyringstid f\u00f8r hytta er varm, er \u00e5 installere en slik luftsolfanger. Solarventi, tilpasset st\u00f8rrelsen p\u00e5 hytta, vil bety at du kommer til ventilert og&hellip; <a class=\"more-link\" href=\"https:\/\/www.multifritid.no\/\">Fortsett \u00e5 lese <span class=\"screen-reader-text\">SolarVenti<\/span><\/a><\/p>\n","protected":false},"author":1,"featured_media":0,"parent":0,"menu_order":0,"comment_status":"closed","ping_status":"closed","template":"","meta":{"footnotes":""},"categories":[],"tags":[],"class_list":["post-28","page","type-page","status-publish","hentry","entry"],"_links":{"self":[{"href":"https:\/\/www.multifritid.no\/index.php\/wp-json\/wp\/v2\/pages\/28","targetHints":{"allow":["GET"]}}],"collection":[{"href":"https:\/\/www.multifritid.no\/index.php\/wp-json\/wp\/v2\/pages"}],"about":[{"href":"https:\/\/www.multifritid.no\/index.php\/wp-json\/wp\/v2\/types\/page"}],"author":[{"embeddable":true,"href":"https:\/\/www.multifritid.no\/index.php\/wp-json\/wp\/v2\/users\/1"}],"replies":[{"embeddable":true,"href":"https:\/\/www.multifritid.no\/index.php\/wp-json\/wp\/v2\/comments?post=28"}],"version-history":[{"count":53,"href":"https:\/\/www.multifritid.no\/index.php\/wp-json\/wp\/v2\/pages\/28\/revisions"}],"predecessor-version":[{"id":272,"href":"https:\/\/www.multifritid.no\/index.php\/wp-json\/wp\/v2\/pages\/28\/revisions\/272"}],"wp:attachment":[{"href":"https:\/\/www.multifritid.no\/index.php\/wp-json\/wp\/v2\/media?parent=28"}],"wp:term":[{"taxonomy":"category","embeddable":true,"href":"https:\/\/www.multifritid.no\/index.php\/wp-json\/wp\/v2\/categories?post=28"},{"taxonomy":"post_tag","embeddable":true,"href":"https:\/\/www.multifritid.no\/index.php\/wp-json\/wp\/v2\/tags?post=28"}],"curies":[{"name":"wp","href":"https:\/\/api.w.org\/{rel}","templated":true}]}}