{"id":258,"date":"2023-08-29T22:17:35","date_gmt":"2023-08-29T20:17:35","guid":{"rendered":"https:\/\/www.multifritid.no\/?page_id=258"},"modified":"2025-08-11T16:57:53","modified_gmt":"2025-08-11T14:57:53","slug":"priser-solarventi","status":"publish","type":"page","link":"https:\/\/www.multifritid.no\/index.php\/priser-solarventi\/","title":{"rendered":"Priser &#8211; Solarventi"},"content":{"rendered":"\n<p>Dette er priser p\u00e5 de modellen vi vanligvis har p\u00e5 lager:<\/p>\n\n\n\n<ul class=\"wp-block-list\">\n<li><a href=\"https:\/\/www.solarventi.no\/produkt\/sv3-luft-op-til-25m%c2%b2\/\" target=\"_blank\" rel=\"noreferrer noopener\">Solarventi SV3<\/a>, sort med bryter: <strong>4.590<\/strong><\/li>\n\n\n\n<li><a href=\"https:\/\/www.solarventi.no\/produkt\/sv7-luft-op-til-50m%c2%b2\/\" target=\"_blank\" rel=\"noreferrer noopener\">Solarventi<\/a><a href=\"https:\/\/www.solarventi.no\/produkt\/sv7-luft-op-til-50m%c2%b2\/\"> SV7<\/a>, sort med regulator: <strong>10.390<\/strong><\/li>\n\n\n\n<li><a href=\"https:\/\/www.solarventi.no\/produkt\/sv14-luft-op-til-80m%c2%b2\/\" target=\"_blank\" rel=\"noreferrer noopener\">Solarventi<\/a><a href=\"https:\/\/www.solarventi.no\/produkt\/sv14-luft-op-til-80m%c2%b2\/\"> SV14<\/a>, sort med regulator: <strong>16.690<\/strong><\/li>\n<\/ul>\n\n\n\n<p>Frakt kommer i tillegg.<\/p>\n\n\n\n<p>Priser p\u00e5 andre modeller p\u00e5 foresp\u00f8rsel, <a href=\"mailto:post@multifritid.no\">post@multifritid.no<\/a>.<\/p>\n","protected":false},"excerpt":{"rendered":"<p>Dette er priser p\u00e5 de modellen vi vanligvis har p\u00e5 lager: Frakt kommer i tillegg. Priser p\u00e5 andre modeller p\u00e5 foresp\u00f8rsel, post@multifritid.no.<\/p>\n","protected":false},"author":1,"featured_media":0,"parent":0,"menu_order":0,"comment_status":"closed","ping_status":"closed","template":"","meta":{"footnotes":""},"categories":[],"tags":[8,7],"class_list":["post-258","page","type-page","status-publish","hentry","tag-priser","tag-solarventi","entry"],"_links":{"self":[{"href":"https:\/\/www.multifritid.no\/index.php\/wp-json\/wp\/v2\/pages\/258","targetHints":{"allow":["GET"]}}],"collection":[{"href":"https:\/\/www.multifritid.no\/index.php\/wp-json\/wp\/v2\/pages"}],"about":[{"href":"https:\/\/www.multifritid.no\/index.php\/wp-json\/wp\/v2\/types\/page"}],"author":[{"embeddable":true,"href":"https:\/\/www.multifritid.no\/index.php\/wp-json\/wp\/v2\/users\/1"}],"replies":[{"embeddable":true,"href":"https:\/\/www.multifritid.no\/index.php\/wp-json\/wp\/v2\/comments?post=258"}],"version-history":[{"count":5,"href":"https:\/\/www.multifritid.no\/index.php\/wp-json\/wp\/v2\/pages\/258\/revisions"}],"predecessor-version":[{"id":278,"href":"https:\/\/www.multifritid.no\/index.php\/wp-json\/wp\/v2\/pages\/258\/revisions\/278"}],"wp:attachment":[{"href":"https:\/\/www.multifritid.no\/index.php\/wp-json\/wp\/v2\/media?parent=258"}],"wp:term":[{"taxonomy":"category","embeddable":true,"href":"https:\/\/www.multifritid.no\/index.php\/wp-json\/wp\/v2\/categories?post=258"},{"taxonomy":"post_tag","embeddable":true,"href":"https:\/\/www.multifritid.no\/index.php\/wp-json\/wp\/v2\/tags?post=258"}],"curies":[{"name":"wp","href":"https:\/\/api.w.org\/{rel}","templated":true}]}}