{"id":235,"date":"2021-05-10T13:54:26","date_gmt":"2021-05-10T11:54:26","guid":{"rendered":"https:\/\/www.multifritid.no\/?page_id=235"},"modified":"2021-05-10T14:09:34","modified_gmt":"2021-05-10T12:09:34","slug":"sv7-gjor-jobben","status":"publish","type":"page","link":"https:\/\/www.multifritid.no\/index.php\/solarventi-luftsolfangere\/fritids-og-bolighus\/sv7-gjor-jobben\/","title":{"rendered":"SV7 gj\u00f8r jobben"},"content":{"rendered":"\n<p>En ny kunde har tatt i bruk en SV7 p\u00e5 hytta.<\/p>\n\n\n\n<p>Tilbakemeldingen er: <br><em><strong>Joda, den er p\u00e5 veggen og fungerer som fa**, bare det!<\/strong><\/em> <em><strong>God monteringsanvisning og grei montering n\u00e5r jeg fikk hulltaker p\u00e5 135mm. M\u00e5 v\u00e6re 2stk i monteringen!<\/strong><\/em><br><br>Morten S.<\/p>\n\n\n\n<p>Her en bilder fra hytta:<\/p>\n\n\n\n<figure class=\"wp-block-gallery columns-2 is-cropped wp-block-gallery-1 is-layout-flex wp-block-gallery-is-layout-flex\"><ul class=\"blocks-gallery-grid\"><li class=\"blocks-gallery-item\"><figure><img loading=\"lazy\" decoding=\"async\" width=\"480\" height=\"640\" src=\"https:\/\/www.multifritid.no\/wp-content\/uploads\/2021\/05\/image0-1.jpeg\" alt=\"\" data-id=\"236\" data-full-url=\"https:\/\/www.multifritid.no\/wp-content\/uploads\/2021\/05\/image0-1.jpeg\" data-link=\"https:\/\/www.multifritid.no\/?attachment_id=236\" class=\"wp-image-236\" srcset=\"https:\/\/www.multifritid.no\/wp-content\/uploads\/2021\/05\/image0-1.jpeg 480w, https:\/\/www.multifritid.no\/wp-content\/uploads\/2021\/05\/image0-1-225x300.jpeg 225w\" sizes=\"auto, (max-width: 480px) 100vw, 480px\" \/><\/figure><\/li><li class=\"blocks-gallery-item\"><figure><img loading=\"lazy\" decoding=\"async\" width=\"480\" height=\"640\" src=\"https:\/\/www.multifritid.no\/wp-content\/uploads\/2021\/05\/image0-rotated.jpeg\" alt=\"\" data-id=\"238\" data-full-url=\"https:\/\/www.multifritid.no\/wp-content\/uploads\/2021\/05\/image0-rotated.jpeg\" data-link=\"https:\/\/www.multifritid.no\/?attachment_id=238\" class=\"wp-image-238\" srcset=\"https:\/\/www.multifritid.no\/wp-content\/uploads\/2021\/05\/image0-rotated.jpeg 480w, https:\/\/www.multifritid.no\/wp-content\/uploads\/2021\/05\/image0-225x300.jpeg 225w\" sizes=\"auto, (max-width: 480px) 100vw, 480px\" \/><\/figure><\/li><\/ul><\/figure>\n","protected":false},"excerpt":{"rendered":"<p>En ny kunde har tatt i bruk en SV7 p\u00e5 hytta. Tilbakemeldingen er: Joda, den er p\u00e5 veggen og fungerer som fa**, bare det! God monteringsanvisning og grei montering n\u00e5r jeg fikk hulltaker p\u00e5 135mm. M\u00e5 v\u00e6re 2stk i monteringen! Morten S. Her en bilder fra hytta:<\/p>\n","protected":false},"author":1,"featured_media":237,"parent":157,"menu_order":0,"comment_status":"closed","ping_status":"closed","template":"","meta":{"footnotes":""},"categories":[5],"tags":[4],"class_list":["post-235","page","type-page","status-publish","has-post-thumbnail","hentry","category-tilbakemelding","tag-tilbakemelding","entry"],"_links":{"self":[{"href":"https:\/\/www.multifritid.no\/index.php\/wp-json\/wp\/v2\/pages\/235","targetHints":{"allow":["GET"]}}],"collection":[{"href":"https:\/\/www.multifritid.no\/index.php\/wp-json\/wp\/v2\/pages"}],"about":[{"href":"https:\/\/www.multifritid.no\/index.php\/wp-json\/wp\/v2\/types\/page"}],"author":[{"embeddable":true,"href":"https:\/\/www.multifritid.no\/index.php\/wp-json\/wp\/v2\/users\/1"}],"replies":[{"embeddable":true,"href":"https:\/\/www.multifritid.no\/index.php\/wp-json\/wp\/v2\/comments?post=235"}],"version-history":[{"count":3,"href":"https:\/\/www.multifritid.no\/index.php\/wp-json\/wp\/v2\/pages\/235\/revisions"}],"predecessor-version":[{"id":243,"href":"https:\/\/www.multifritid.no\/index.php\/wp-json\/wp\/v2\/pages\/235\/revisions\/243"}],"up":[{"embeddable":true,"href":"https:\/\/www.multifritid.no\/index.php\/wp-json\/wp\/v2\/pages\/157"}],"wp:featuredmedia":[{"embeddable":true,"href":"https:\/\/www.multifritid.no\/index.php\/wp-json\/wp\/v2\/media\/237"}],"wp:attachment":[{"href":"https:\/\/www.multifritid.no\/index.php\/wp-json\/wp\/v2\/media?parent=235"}],"wp:term":[{"taxonomy":"category","embeddable":true,"href":"https:\/\/www.multifritid.no\/index.php\/wp-json\/wp\/v2\/categories?post=235"},{"taxonomy":"post_tag","embeddable":true,"href":"https:\/\/www.multifritid.no\/index.php\/wp-json\/wp\/v2\/tags?post=235"}],"curies":[{"name":"wp","href":"https:\/\/api.w.org\/{rel}","templated":true}]}}