{"id":161,"date":"2021-02-28T18:07:05","date_gmt":"2021-02-28T17:07:05","guid":{"rendered":"http:\/\/int-multifritid.sandsdalen.net\/?page_id=161"},"modified":"2021-02-28T19:33:32","modified_gmt":"2021-02-28T18:33:32","slug":"kjoling","status":"publish","type":"page","link":"https:\/\/www.multifritid.no\/index.php\/solarventi-luftsolfangere\/kjoling\/","title":{"rendered":"Kj\u00f8ling"},"content":{"rendered":"\n<h5 class=\"wp-block-heading\">SolarVenti luftsolfangere er ogs\u00e5 velegnet til kj\u00f8ling av boligens rom n\u00e5r det er for varmt i v\u00e6ret.<\/h5>\n\n\n\n<figure class=\"wp-block-image size-large\"><img loading=\"lazy\" decoding=\"async\" width=\"847\" height=\"347\" src=\"http:\/\/int-multifritid.sandsdalen.net\/wp-content\/uploads\/2021\/02\/air_cooling_no.png\" alt=\"\" class=\"wp-image-172\" srcset=\"https:\/\/www.multifritid.no\/wp-content\/uploads\/2021\/02\/air_cooling_no.png 847w, https:\/\/www.multifritid.no\/wp-content\/uploads\/2021\/02\/air_cooling_no-300x123.png 300w, https:\/\/www.multifritid.no\/wp-content\/uploads\/2021\/02\/air_cooling_no-768x315.png 768w\" sizes=\"auto, (max-width: 847px) 100vw, 847px\" \/><\/figure>\n\n\n\n<p>Modellerne<strong>&nbsp;SV7 \/ SV14 \/ SV20 og&nbsp;SV30&nbsp;<\/strong>kan bygges ut til dette form\u00e5let ved hjelp av et kj\u00f8lesett, som inneholder en ekstra ventilator. Denne ekstra ventilatoren installeres p\u00e5 en nordvendt fasade \u2013 alts\u00e5 p\u00e5 husets skyggeside \u2013 og tilkobles SolarVenti Kontrollpanel eller termostat inne i huset.<\/p>\n\n\n\n<p>N\u00e5r innetemperaturen blir h\u00f8yere enn temperaturen termostaten er innstilt p\u00e5, vil luftsolfangeren sl\u00e5 seg av og kj\u00f8leventilatoren vil sl\u00e5 seg p\u00e5. Da vil luft fra husets skyggeside bl\u00e5ses inn og senke innetemperaturen. Dette betyr at ved \u00e5 installere denne utbyggingen av anlegget, gj\u00f8r at det kan veksles mellom \u00e5 bl\u00e5se inn kj\u00f8lig og varm luft alt etter behov. <\/p>\n\n\n\n<p>Den ekstra ventilatoren p\u00e5 husets skyggeside drives av solcellen, som er montert i SolarVenti luftsolfangerpanelet. Det betyr at ogs\u00e5 denne ekstra ventilatoren er gratis i drift og uten behov for vedlikehold.<\/p>\n","protected":false},"excerpt":{"rendered":"<p>SolarVenti luftsolfangere er ogs\u00e5 velegnet til kj\u00f8ling av boligens rom n\u00e5r det er for varmt i v\u00e6ret. Modellerne&nbsp;SV7 \/ SV14 \/ SV20 og&nbsp;SV30&nbsp;kan bygges ut til dette form\u00e5let ved hjelp av et kj\u00f8lesett, som inneholder en ekstra ventilator. Denne ekstra ventilatoren installeres p\u00e5 en nordvendt fasade \u2013 alts\u00e5 p\u00e5 husets skyggeside \u2013 og tilkobles SolarVenti&hellip; <a class=\"more-link\" href=\"https:\/\/www.multifritid.no\/index.php\/solarventi-luftsolfangere\/kjoling\/\">Fortsett \u00e5 lese <span class=\"screen-reader-text\">Kj\u00f8ling<\/span><\/a><\/p>\n","protected":false},"author":1,"featured_media":0,"parent":28,"menu_order":0,"comment_status":"closed","ping_status":"closed","template":"","meta":{"footnotes":""},"categories":[],"tags":[],"class_list":["post-161","page","type-page","status-publish","hentry","entry"],"_links":{"self":[{"href":"https:\/\/www.multifritid.no\/index.php\/wp-json\/wp\/v2\/pages\/161","targetHints":{"allow":["GET"]}}],"collection":[{"href":"https:\/\/www.multifritid.no\/index.php\/wp-json\/wp\/v2\/pages"}],"about":[{"href":"https:\/\/www.multifritid.no\/index.php\/wp-json\/wp\/v2\/types\/page"}],"author":[{"embeddable":true,"href":"https:\/\/www.multifritid.no\/index.php\/wp-json\/wp\/v2\/users\/1"}],"replies":[{"embeddable":true,"href":"https:\/\/www.multifritid.no\/index.php\/wp-json\/wp\/v2\/comments?post=161"}],"version-history":[{"count":10,"href":"https:\/\/www.multifritid.no\/index.php\/wp-json\/wp\/v2\/pages\/161\/revisions"}],"predecessor-version":[{"id":198,"href":"https:\/\/www.multifritid.no\/index.php\/wp-json\/wp\/v2\/pages\/161\/revisions\/198"}],"up":[{"embeddable":true,"href":"https:\/\/www.multifritid.no\/index.php\/wp-json\/wp\/v2\/pages\/28"}],"wp:attachment":[{"href":"https:\/\/www.multifritid.no\/index.php\/wp-json\/wp\/v2\/media?parent=161"}],"wp:term":[{"taxonomy":"category","embeddable":true,"href":"https:\/\/www.multifritid.no\/index.php\/wp-json\/wp\/v2\/categories?post=161"},{"taxonomy":"post_tag","embeddable":true,"href":"https:\/\/www.multifritid.no\/index.php\/wp-json\/wp\/v2\/tags?post=161"}],"curies":[{"name":"wp","href":"https:\/\/api.w.org\/{rel}","templated":true}]}}