{"id":159,"date":"2021-02-28T18:06:49","date_gmt":"2021-02-28T17:06:49","guid":{"rendered":"http:\/\/int-multifritid.sandsdalen.net\/?page_id=159"},"modified":"2021-03-02T15:49:33","modified_gmt":"2021-03-02T14:49:33","slug":"kjeller","status":"publish","type":"page","link":"https:\/\/www.multifritid.no\/index.php\/solarventi-luftsolfangere\/kjeller\/","title":{"rendered":"Kjeller"},"content":{"rendered":"\n<p>En t\u00f8rr og ventilert kjeller med SolarVenti!<\/p>\n\n\n\n<figure class=\"wp-block-image size-large\"><img loading=\"lazy\" decoding=\"async\" width=\"850\" height=\"479\" src=\"http:\/\/int-multifritid.sandsdalen.net\/wp-content\/uploads\/2021\/02\/basement_850.jpg\" alt=\"\" class=\"wp-image-167\" srcset=\"https:\/\/www.multifritid.no\/wp-content\/uploads\/2021\/02\/basement_850.jpg 850w, https:\/\/www.multifritid.no\/wp-content\/uploads\/2021\/02\/basement_850-300x169.jpg 300w, https:\/\/www.multifritid.no\/wp-content\/uploads\/2021\/02\/basement_850-768x433.jpg 768w\" sizes=\"auto, (max-width: 850px) 100vw, 850px\" \/><\/figure>\n\n\n\n<p>SolarVenti luftsolfangere har igjennom tidenes l\u00f8p prim\u00e6rt v\u00e6rt brukt til avfuktning av fritidsboliger og garasjer.<\/p>\n\n\n\n<p>Etter et stigende behov for effektive l\u00f8sninger til fuktige kjellere, er det n\u00e5 utviklet luftsolfangere, som egner seg spesielt godt til avfuktning og ventilasjon av kjellere.<\/p>\n\n\n\n<p>Det er anerkjent at ventilasjon kan redusere radonkonsentrasjonen. Radonniv\u00e5et stiger n\u00e5r det er lavt trykk, s\u00e5 man b\u00f8r ikke lage undertrykk ved utlufting. Les mer om SolarVenti og radon <a href=\"https:\/\/pdf.solarventi.dk\/no\/radon.pdf\">her.<\/a><\/p>\n","protected":false},"excerpt":{"rendered":"<p>En t\u00f8rr og ventilert kjeller med SolarVenti! SolarVenti luftsolfangere har igjennom tidenes l\u00f8p prim\u00e6rt v\u00e6rt brukt til avfuktning av fritidsboliger og garasjer. Etter et stigende behov for effektive l\u00f8sninger til fuktige kjellere, er det n\u00e5 utviklet luftsolfangere, som egner seg spesielt godt til avfuktning og ventilasjon av kjellere. Det er anerkjent at ventilasjon kan redusere&hellip; <a class=\"more-link\" href=\"https:\/\/www.multifritid.no\/index.php\/solarventi-luftsolfangere\/kjeller\/\">Fortsett \u00e5 lese <span class=\"screen-reader-text\">Kjeller<\/span><\/a><\/p>\n","protected":false},"author":1,"featured_media":0,"parent":28,"menu_order":0,"comment_status":"closed","ping_status":"closed","template":"","meta":{"footnotes":""},"categories":[],"tags":[],"class_list":["post-159","page","type-page","status-publish","hentry","entry"],"_links":{"self":[{"href":"https:\/\/www.multifritid.no\/index.php\/wp-json\/wp\/v2\/pages\/159","targetHints":{"allow":["GET"]}}],"collection":[{"href":"https:\/\/www.multifritid.no\/index.php\/wp-json\/wp\/v2\/pages"}],"about":[{"href":"https:\/\/www.multifritid.no\/index.php\/wp-json\/wp\/v2\/types\/page"}],"author":[{"embeddable":true,"href":"https:\/\/www.multifritid.no\/index.php\/wp-json\/wp\/v2\/users\/1"}],"replies":[{"embeddable":true,"href":"https:\/\/www.multifritid.no\/index.php\/wp-json\/wp\/v2\/comments?post=159"}],"version-history":[{"count":5,"href":"https:\/\/www.multifritid.no\/index.php\/wp-json\/wp\/v2\/pages\/159\/revisions"}],"predecessor-version":[{"id":204,"href":"https:\/\/www.multifritid.no\/index.php\/wp-json\/wp\/v2\/pages\/159\/revisions\/204"}],"up":[{"embeddable":true,"href":"https:\/\/www.multifritid.no\/index.php\/wp-json\/wp\/v2\/pages\/28"}],"wp:attachment":[{"href":"https:\/\/www.multifritid.no\/index.php\/wp-json\/wp\/v2\/media?parent=159"}],"wp:term":[{"taxonomy":"category","embeddable":true,"href":"https:\/\/www.multifritid.no\/index.php\/wp-json\/wp\/v2\/categories?post=159"},{"taxonomy":"post_tag","embeddable":true,"href":"https:\/\/www.multifritid.no\/index.php\/wp-json\/wp\/v2\/tags?post=159"}],"curies":[{"name":"wp","href":"https:\/\/api.w.org\/{rel}","templated":true}]}}