{"id":144,"date":"2021-02-28T14:47:59","date_gmt":"2021-02-28T13:47:59","guid":{"rendered":"http:\/\/int-multifritid.sandsdalen.net\/?page_id=144"},"modified":"2025-08-11T16:48:00","modified_gmt":"2025-08-11T14:48:00","slug":"kobuk-formula-one","status":"publish","type":"page","link":"https:\/\/www.multifritid.no\/index.php\/kobuk-hundefor\/kobuk-formula-one\/","title":{"rendered":"Kobuk Formula One"},"content":{"rendered":"\n<figure class=\"wp-block-image size-large\"><img loading=\"lazy\" decoding=\"async\" width=\"1024\" height=\"683\" src=\"http:\/\/int-multifritid.sandsdalen.net\/wp-content\/uploads\/2021\/02\/img_9679-1024x683.jpg\" alt=\"\" class=\"wp-image-147\" srcset=\"https:\/\/www.multifritid.no\/wp-content\/uploads\/2021\/02\/img_9679-1024x683.jpg 1024w, https:\/\/www.multifritid.no\/wp-content\/uploads\/2021\/02\/img_9679-300x200.jpg 300w, https:\/\/www.multifritid.no\/wp-content\/uploads\/2021\/02\/img_9679-768x512.jpg 768w, https:\/\/www.multifritid.no\/wp-content\/uploads\/2021\/02\/img_9679-1536x1024.jpg 1536w, https:\/\/www.multifritid.no\/wp-content\/uploads\/2021\/02\/img_9679-2048x1365.jpg 2048w, https:\/\/www.multifritid.no\/wp-content\/uploads\/2021\/02\/img_9679-1568x1045.jpg 1568w\" sizes=\"auto, (max-width: 1024px) 100vw, 1024px\" \/><\/figure>\n\n\n\n<p>Kobuk Formula One er en n\u00e6ringsbombe formulert for aktive hunder, som trekkhunder, jakthunder og andre aktive brukshunder. Helt siden introduksjonen i 1983 har dette produktet satt standarden for andre t\u00f8rrf\u00f4r.<\/p>\n\n\n\n<p>Pris: 996,- (*)<\/p>\n\n\n\n<h3 class=\"wp-block-heading\"><strong>Verdens beste hundef\u00f4r til aktive hunder?<\/strong><\/h3>\n\n\n\n<p>Kobuk Formula One er en n\u00e6ringsbombe formulert for aktive hunder, som trekkhunder, jakthunder og andre aktive brukshunder. Helst siden introduksjonen i 1983 har dette produktet satt standarden for andre t\u00f8rrf\u00f4r. Anbefales ogs\u00e5 til hunder som trenger \u00e5 bygge muskelmasse og restitueres etter operasjon.<\/p>\n\n\n\n<p>Kun de beste ingredienser er brukt for optimal biologisk utnyttelse p\u00e5 hundens premisser, basert p\u00e5 30 \u00e5rs erfaring med f\u00f4ring av aktive hunder.<\/p>\n\n\n\n<h4 class=\"wp-block-heading\">Spesielle egenskaper ved Kobuk Formula One:<\/h4>\n\n\n\n<ul class=\"wp-block-list\">\n<li>Det spares ikke p\u00e5&nbsp;<strong>kvalitetsingredienser \u2013 kun det beste, mest funksjonelle<\/strong>&nbsp;og <strong>lettest ford\u00f8yelig<\/strong> brukes for \u00e5 sikre sunnhet, optimal ytelse og muskelbygging.\n<ul class=\"wp-block-list\">\n<li><strong>H\u00f8yt ford\u00f8yelige animalske proteiner med lavt askeinnhold<\/strong>, inkludert&nbsp;<strong>rikelig med smakfulle egg<\/strong>&nbsp;som andre ikke tar seg r\u00e5d til. Sikrer&nbsp;<strong>optimal aminosyretilf\u00f8rsel for god vekst og muskelbygging pluss&nbsp;god smak.<\/strong><\/li>\n\n\n\n<li>Kyllingfett i kombinasjon med fiskeolje gir<strong>&nbsp;rikelig med energi for vedvarende aktivitet<\/strong>&nbsp;under de t\u00f8ffeste forhold.<\/li>\n\n\n\n<li>Vi kjenner ikke til noen t\u00f8rrf\u00f4r med h\u00f8yere andel&nbsp;<strong>Omega 6:3 fettsyrer<\/strong>. Bidrar til flott og sunn hud og pels, samt godt syn. V\u00e5r Formula serie inneholder Omega 3 fra fiskeolje, linfr\u00f8, kyllingfett og fisk.<\/li>\n\n\n\n<li>Vi bruker n\u00e6ringsrik&nbsp;<strong>naturlig&nbsp;ris for dets h\u00f8ye opptakbarhet <\/strong>og utmerkede ytelse p\u00e5 hunder under aktivitet og stress, samt at veterin\u00e6rer anbefaler ris til syke dyr.<\/li>\n<\/ul>\n<\/li>\n\n\n\n<li><strong>Funksjonelle og naturlige tilskudd<\/strong>\n<ul class=\"wp-block-list\">\n<li><strong>Naturlig kosttilskudd<\/strong> med laks, bl\u00e5skjell, glukosamin, kondroitin, MSM. Styrker hundens leddbrusk, ben, muskler, leddband og sener.<\/li>\n\n\n\n<li><strong>Naturlig prebiotika&nbsp;<\/strong>for \u00e5 stimulere vennlige tarmbakterier, som s\u00f8rger for godt f\u00f4ropptak.<\/li>\n\n\n\n<li><strong>Rikelig med vitaminer og mineraler,&nbsp;<\/strong>herunder viktige&nbsp;<strong>antioksydanter&nbsp;<\/strong>som sikrer god ytelse, helse og motvirker sykdom. Ingen behov for ekstra tilskudd, selv til de meste aktive hunder.<\/li>\n<\/ul>\n<\/li>\n\n\n\n<li><strong>Hva du slipper \u00e5 gi hunden din<\/strong>\n<ul class=\"wp-block-list\">\n<li>billige kornbaserte proteiner&nbsp;som hundene utnytter d\u00e5rlig.<\/li>\n\n\n\n<li>billig glutenmel som billig protein. Maisgluten, hvetegluten og risgluten brukes av mange f\u00f4rprodusenter som billig protein fremfor kostbare animalske proteiner med lavt askeinnhold.<\/li>\n\n\n\n<li>storfekj\u00f8tt eller svin.<\/li>\n\n\n\n<li>genmodifiserte ingredienser<\/li>\n\n\n\n<li>kunstige tilsetninger<\/li>\n<\/ul>\n<\/li>\n\n\n\n<li><strong>Beste produksjonsprosess<\/strong>\n<ul class=\"wp-block-list\">\n<li>F\u00f4ret produseres etter strengeste kvalitetskrav p\u00e5 ett av&nbsp;<strong>Europas fremste produksjonsanlegg for hundef\u00f4r&nbsp;<\/strong>av ypperste kvalitet.<\/li>\n\n\n\n<li>Kokingen av f\u00f4ret foreg\u00e5r sk\u00e5nsomt<strong>&nbsp;for \u00e5 bevare n\u00e6ringsstoffene og s\u00f8rge for optimal opptakbarhet.&nbsp;<\/strong><\/li>\n<\/ul>\n<\/li>\n<\/ul>\n\n\n\n<h3 class=\"wp-block-heading\">Tilleggsinformasjon<\/h3>\n\n\n\n<figure class=\"wp-block-table is-style-stripes\"><table><tbody><tr><th>Vekt<\/th><td>15.5 kg<\/td><\/tr><tr><th>Nettovekt<\/th><td>15 kg<\/td><\/tr><tr><th>Protein<\/th><td>30%<\/td><\/tr><tr><th>Fett<\/th><td>20%<\/td><\/tr><tr><th>Fiber<\/th><td>Maks 2%<\/td><\/tr><tr><th>V\u00e6ske<\/th><td>Maks 9%<\/td><\/tr><tr><th>Kalsium<\/th><td>Maks 1,55%<\/td><\/tr><tr><th>Fosfor<\/th><td>Maks 1,05%<\/td><\/tr><tr><th>Aske<\/th><td>Maks 6,5%<\/td><\/tr><tr><th>Vitamin A<\/th><td>24.000 ie\/kg<\/td><\/tr><tr><th>Vitamin E<\/th><td>750 mg\/kg<\/td><\/tr><tr><th>Vitamin D3<\/th><td>2.000 ie\/kg<\/td><\/tr><tr><th>Omega 6<\/th><td>4,25%<\/td><\/tr><tr><th>Omega 3<\/th><td>0,94%<\/td><\/tr><tr><th>Ingredienser<\/th><td>Kyllingmel, Rismel, Kyllingfett, Mais, Fiskemel (med laks), T\u00f8rket Sukkerbete, T\u00f8rkede egg, T\u00f8rket \u00f8lgj\u00e6r, Naturlig kosttilskudd for ledd (med laks, bl\u00e5skjell, glukosamin, kondroitin, MSM), Hydrolisert kylling, Linfr\u00f8, Fiskeolje, Alfalfa, Metionin, L-Lysin, Mineraler og Vitaminer.<\/td><\/tr><\/tbody><\/table><\/figure>\n\n\n\n<p style=\"font-size:14px\">* Legg til 50,- for levering p\u00e5 d\u00f8ra i Troms\u00f8 (per leveranse).<\/p>\n","protected":false},"excerpt":{"rendered":"<p>Kobuk Formula One er en n\u00e6ringsbombe formulert for aktive hunder, som trekkhunder, jakthunder og andre aktive brukshunder. Helt siden introduksjonen i 1983 har dette produktet satt standarden for andre t\u00f8rrf\u00f4r. Pris: 996,- (*) Verdens beste hundef\u00f4r til aktive hunder? Kobuk Formula One er en n\u00e6ringsbombe formulert for aktive hunder, som trekkhunder, jakthunder og andre aktive&hellip; <a class=\"more-link\" href=\"https:\/\/www.multifritid.no\/index.php\/kobuk-hundefor\/kobuk-formula-one\/\">Fortsett \u00e5 lese <span class=\"screen-reader-text\">Kobuk Formula One<\/span><\/a><\/p>\n","protected":false},"author":1,"featured_media":0,"parent":59,"menu_order":0,"comment_status":"closed","ping_status":"closed","template":"","meta":{"footnotes":""},"categories":[],"tags":[],"class_list":["post-144","page","type-page","status-publish","hentry","entry"],"_links":{"self":[{"href":"https:\/\/www.multifritid.no\/index.php\/wp-json\/wp\/v2\/pages\/144","targetHints":{"allow":["GET"]}}],"collection":[{"href":"https:\/\/www.multifritid.no\/index.php\/wp-json\/wp\/v2\/pages"}],"about":[{"href":"https:\/\/www.multifritid.no\/index.php\/wp-json\/wp\/v2\/types\/page"}],"author":[{"embeddable":true,"href":"https:\/\/www.multifritid.no\/index.php\/wp-json\/wp\/v2\/users\/1"}],"replies":[{"embeddable":true,"href":"https:\/\/www.multifritid.no\/index.php\/wp-json\/wp\/v2\/comments?post=144"}],"version-history":[{"count":10,"href":"https:\/\/www.multifritid.no\/index.php\/wp-json\/wp\/v2\/pages\/144\/revisions"}],"predecessor-version":[{"id":276,"href":"https:\/\/www.multifritid.no\/index.php\/wp-json\/wp\/v2\/pages\/144\/revisions\/276"}],"up":[{"embeddable":true,"href":"https:\/\/www.multifritid.no\/index.php\/wp-json\/wp\/v2\/pages\/59"}],"wp:attachment":[{"href":"https:\/\/www.multifritid.no\/index.php\/wp-json\/wp\/v2\/media?parent=144"}],"wp:term":[{"taxonomy":"category","embeddable":true,"href":"https:\/\/www.multifritid.no\/index.php\/wp-json\/wp\/v2\/categories?post=144"},{"taxonomy":"post_tag","embeddable":true,"href":"https:\/\/www.multifritid.no\/index.php\/wp-json\/wp\/v2\/tags?post=144"}],"curies":[{"name":"wp","href":"https:\/\/api.w.org\/{rel}","templated":true}]}}